{"id":3,"date":"2018-11-30T16:59:21","date_gmt":"2018-11-30T15:59:21","guid":{"rendered":"http:\/\/pulimatweb.it\/?page_id=3"},"modified":"2018-12-06T15:14:11","modified_gmt":"2018-12-06T14:14:11","slug":"privacy-policy","status":"publish","type":"page","link":"https:\/\/pulimatweb.it\/index.php\/privacy-policy\/","title":{"rendered":"Privacy Policy"},"content":{"rendered":"<div id=\"cmsmasters_row_\" class=\"cmsmasters_row cmsmasters_color_scheme_default cmsmasters_row_top_default cmsmasters_row_bot_default cmsmasters_row_boxed\">\n<div class=\"cmsmasters_row_outer_parent\">\n<div class=\"cmsmasters_row_outer\">\n<div class=\"cmsmasters_row_inner\">\n<div class=\"cmsmasters_row_margin\">\n<div id=\"cmsmasters_column_\" class=\"cmsmasters_column one_first\">\n<div class=\"cmsmasters_column_inner\"><div class=\"cmsmasters_text\">\n<p>&nbsp;<\/p>\n<p>&nbsp;<\/p>\n<p style=\"text-align: center;\"><strong>INFORMATIVA SUL TRATTAMENTO DEI DATI<\/strong><\/p>\n<p style=\"text-align: center;\"><strong>DEGLI UTENTI DEL SITO WEB<\/strong><\/p>\n<p style=\"text-align: center;\"><strong>ai sensi degli articoli 12, 13 e 14 del Regolamento 2016\/679\/UE<\/strong><\/p>\n<p>&nbsp;<\/p>\n<p>La societ\u00e0 <strong>PULIMAT Societ\u00e0 Cooperativa Sociale<\/strong>\u00a0(nel seguito \u201cTitolare del trattamento\u201d) con sede legale in Como, Via Dei Mille, 13 e sede operativa in Canonica D\u2019Adda (BG), in Via dell\u2019Artigianato,11\/4 \u00e8 impegnato nel rispetto e nella protezione della tua privacy e desidera che ti senta sicuro durante la navigazione del sito.<\/p>\n<p>Attraverso questa informativa, la societ\u00e0\u00a0<strong> PULIMAT Societ\u00e0 Cooperativa Sociale<\/strong>, intende fornire alcune informazioni sul trattamento dei dati personali relativi agli utenti che visitano o consultano il sito web dell\u2019azienda.<\/p>\n<p>L&#8217;informativa \u00e8 resa solo per il sito web della societ\u00e0<strong> PULIMAT Societ\u00e0 Cooperativa Sociale.<\/strong>, ed esclude altri siti web eventualmente consultati dall&#8217;utente tramite link (per i quali si rinvia alle rispettive informative\/policies in tema privacy).<\/p>\n<p><strong>La riproduzione od utilizzo di pagine, materiali ed informazioni contenuti all&#8217;interno del Sito, con qualsiasi mezzo e su qualsiasi supporto, non \u00e8 consentita senza il preventivo consenso scritto\u00a0<\/strong>della societ\u00e0 <strong>PULIMAT Societ\u00e0 Cooperativa Sociale<\/strong>, \u00a0\u00e8&#8217; consentita la copia e\/o la stampa per uso esclusivamente personale e non commerciale; altri usi dei contenuti, servizi e delle informazioni presenti su questo sito non sono consentiti.<\/p>\n<p>Relativamente ai contenuti offerti ed alle informazioni fornite, la societ\u00e0 <strong>PULIMAT Societ\u00e0 Cooperativa Sociale<\/strong>, far\u00e0 in modo di mantenere i contenuti del Sito ragionevolmente aggiornati e rivisti, senza offrire alcuna garanzia sull&#8217;adeguatezza, esattezza o completezza delle informazioni fornite declinando esplicitamente ogni responsabilit\u00e0 per eventuali errori d&#8217;omissione nelle informazioni fornite nel Sito.<\/p>\n<p><strong>Origine &#8211; Dati di navigazione<\/strong><\/p>\n<p>La societ\u00e0 <strong>PULIMAT Societ\u00e0 Cooperativa Sociale<\/strong>\u00a0informa che\u00a0<strong>i dati personali da Lei forniti ed acquisiti<\/strong>\u00a0contestualmente alla richiesta d\u2019informazioni e\/o contatto mediante smartphone o qualunque altro strumento impiegato per accedere ad Internet, nonch\u00e9 i dati necessari all&#8217;erogazione di tali servizi, ivi compresi i dati di navigazione e i dati utilizzati per l\u2019eventuale acquisto dei prodotti e servizi offerti dalla societ\u00e0 <strong>PULIMAT Societ\u00e0 Cooperativa Sociale<\/strong>,\u00a0<strong>\u00a0<\/strong>prema anche i soli dati c.d. di \u201cnavigazione\u201d del sito da parte degli Utenti,\u00a0<strong>saranno trattati nel rispetto della normativa applicabile<\/strong>.<\/p>\n<p>I sistemi informatici e le procedure software utilizzate per il funzionamento di questo sito web acquisiscono, nel corso del loro normale esercizio, alcuni dati personali la cui trasmissione \u00e8 implicita nell&#8217;uso della rete Internet. Si tratta di informazioni che non sono raccolte per essere associate a interessati identificati, ma che per loro stessa natura potrebbero, attraverso elaborazioni ed associazioni con dati detenuti da terzi, permettere di identificare gli utenti navigatori. In questa categoria di dati rientrano:<\/p>\n<ul>\n<li>gli &#8220;indirizzi IP&#8221; o i nomi a dominio dei computer utilizzati dagli utenti che si connettono al sito;<\/li>\n<li>gli indirizzi in notazione URI (Uniform Resource Identifier) delle risorse richieste;<\/li>\n<li>l&#8217;orario della richiesta;<\/li>\n<li>il metodo utilizzato nel sottoporre la richiesta al server web;<\/li>\n<li>la dimensione del file ottenuto in risposta;<\/li>\n<li>il codice numerico indicante lo stato della risposta data dal server web (buon fine, errore, ecc.);<\/li>\n<li>altri parametri relativi al sistema operativo ed all&#8217;ambiente informatico dell&#8217;utente.<\/li>\n<\/ul>\n<p>&nbsp;<\/p>\n<p><strong>Questi dati vengono utilizzati al solo fine di ricavare informazioni statistiche anonime sull&#8217;uso del sito e per controllare il corretto funzionamento del sito web della societ\u00e0\u00a0<\/strong> <strong>PULIMAT Societ\u00e0 Cooperativa Sociale<\/strong>, Si evidenzia che i predetti dati potrebbero essere utilizzati per l&#8217;accertamento di responsabilit\u00e0 in caso di reati informatici ai danni del sito della societ\u00e0 <strong>PULIMAT Societ\u00e0 Cooperativa Sociale<\/strong>\u00a0o ad altri siti ad esso connessi o collegati: salva questa eventualit\u00e0, allo stato i dati sui contatti web non persistono per pi\u00f9 di pochi giorni.<\/p>\n<p><strong>Origine &#8211; Dati forniti dall\u2019utente<\/strong><\/p>\n<p>La societ\u00e0 <strong>PULIMAT Societ\u00e0 Cooperativa Sociale<\/strong>\u00a0, raccoglie, conserva ed elabora i Suoi dati personali allo scopo di fornire i prodotti e servizi offerti sul Sito, ovvero per obblighi di Legge.<\/p>\n<p><strong>Relativamente ad alcuni specifici Servizi, Prodotti, Promozioni, ecc<\/strong>\u00a0<strong>la societ\u00e0 PULIMAT Societ\u00e0 Cooperativa Sociale potr\u00e0 trattare i tuoi dati anche per scopi commerciali. In tali casi, verr\u00e0 richiesto un consenso specifico, separato, facoltativo e sempre revocabile con le modalit\u00e0 e ai recapiti nel seguito indicati.<\/strong><\/p>\n<p>L\u2019invio facoltativo, esplicito e volontario di posta elettronica agli indirizzi indicati nell&#8217;apposita sezione del Sito Web, nonch\u00e9 la compilazione di questionari (es. form), la comunicazione tramite chat, push notification via APP, social network, call center, etc., comporta la successiva acquisizione di alcuni Suoi dati personali, inclusi quelli raccolti attraverso l\u2019utilizzo delle App e dei servizi correlati, necessari per rispondere alle richieste.<\/p>\n<p>Le segnaliamo inoltre che in occasione dell\u2019utilizzo della connessione mobile per accedere a contenuti e servizi digitali offerti direttamente dalla societ\u00e0 <strong>PULIMAT Societ\u00e0 Cooperativa Sociale<\/strong>, ovvero ad opera di nostri Partner potr\u00e0 essere necessario trasferire tuoi dati personali a tali terze parti.<\/p>\n<p><strong>Finalit\u00e0 del trattamento e base giuridica<\/strong><\/p>\n<p>I Suoi dati sono trattati dalla societ\u00e0 <strong>PULIMAT Societ\u00e0 Cooperativa Sociale<\/strong>\u00a0per le seguenti finalit\u00e0:<\/p>\n<ol>\n<li>strettamente connesse e necessarie navigazione sul sito<b>\u00a0pulimatweb.it<\/b>\u00a0alla fruizione dei relativi servizi informativi, alla gestione delle richieste di contatto o di informazioni;<\/li>\n<li>per le attivit\u00e0 ancillari connesse alla gestione delle richieste dell\u2019Utente\/Cliente e all\u2019invio del riscontro che pu\u00f2 prevedere la trasmissione di materiale promozionale e\/o per il perfezionamento dell\u2019ordine di acquisto dei prodotti e servizi offerti;<\/li>\n<li>correlate all&#8217;adempimento di obblighi previsti da normative comunitarie e nazionali, alla tutela dell&#8217;ordine pubblico, all&#8217;accertamento e repressione dei reati;<\/li>\n<li>marketing diretto, compimento di ricerche di mercato o comunicazione commerciale di prodotti e\/o servizi offerti dalla societ\u00e0 <strong>PULIMAT Societ\u00e0 Cooperativa Sociale<\/strong>, tale attivit\u00e0 potr\u00e0 riguardare anche prodotti e servizi offerti dai Partner della societ\u00e0 <strong>PULIMAT Societ\u00e0 Cooperativa Sociale<\/strong><strong>.<\/strong>, ed essere eseguita mediante l\u2019invio di materiale pubblicitario\/informativo\/promozionale e\/o di inviti di partecipazione ad iniziative, eventi ed offerte volte a premiare gli utenti\/clienti, effettuato con modalit\u00e0 \u201ctradizionali\u201d (a titolo esemplificativo posta cartacea e\/o chiamate da operatore), ovvero mediante sistemi \u201cautomatizzati\u201d di contatto (a titolo esemplificativo: e-mail, applicazioni interattive).<\/li>\n<\/ol>\n<p>&nbsp;<\/p>\n<p>Il conferimento dei dati per le finalit\u00e0 di cui ai punti a), b) e c), connessa ad una fase pre-contrattuale e\/o contrattuale ovvero funzionale ad una richiesta dell\u2019utente o prevista da una specifica previsione normativa, \u00e8 obbligatorio e, in difetto, non sar\u00e0 possibile ricevere le informazioni ed accedere ai servizi eventualmente richiesti.\u00a0<strong>Per tale ragione, non \u00e8 richiesto il consenso al trattamento dei dati ai sensi dell\u2019art. 6 del Regolamento Europeo 2016\/679, considerato che il trattamento dei dati personali avviene sulla base delle previsioni di cui all\u2019art. 6 c. 1 b) del Regolamento Europeo 2016\/679, in particolare \u00e8 necessario per la buona riuscita di una fase pre-contrattuale ove l\u2019interessato \u00e8 parte.<\/strong><\/p>\n<p><strong>Relativamente al punto d) della presente Informativa, il consenso al trattamento dei dati da parte dell\u2019utente\/cliente \u00e8 invece libero e facoltativo e sempre revocabile<\/strong>senza conseguenze sulla utilizzabilit\u00e0 dei prodotti e servizi salvo l\u2019impossibilit\u00e0 per la societ\u00e0 <strong>PULIMAT Societ\u00e0 Cooperativa Sociale<\/strong>\u00a0, di tenere aggiornati sulle nuove iniziative o su particolari promozioni o vantaggi eventualmente disponibili gli utenti\/clienti.<\/p>\n<p>La societ\u00e0 <strong>PULIMAT Societ\u00e0 Cooperativa Sociale<\/strong>\u00a0potr\u00e0 inviare comunicazioni commerciali relative a prodotti e\/o servizi analoghi a quelli gi\u00e0 forniti, ai sensi della Direttiva 2002\/58\/UE, utilizzando le coordinate di posta elettronica, o quelle cartacee, da Lei indicate in tali occasioni alle quali potr\u00e0 opporti con le modalit\u00e0 e ai recapiti nel seguito.<\/p>\n<p><strong>Modalit\u00e0, logiche del trattamento, tempi di conservazione e misure di sicurezza<\/strong><\/p>\n<p>Il trattamento dei dati \u00e8 effettuato anche con l\u2019ausilio di mezzi elettronici o comunque automatizzati ed \u00e8 svolto \u00a0dalla societ\u00e0 <strong>PULIMAT Societ\u00e0 Cooperativa Sociale<\/strong><strong>,<\/strong>\u00a0e\/o da terzi di cui la societ\u00e0\u00a0<strong>PULIMAT Societ\u00e0 Cooperativa Sociale<\/strong>\u00a0,pu\u00f2 avvalersi per memorizzare, gestire e trasmettere i dati stessi.<\/p>\n<p><strong>Il trattamento dei dati sar\u00e0 effettuato con logiche di organizzazione ed elaborazione dei suoi dati personali<\/strong>, anche relativi ai log originati dall\u2019accesso ed utilizzo dei servizi resi disponibili via web, dei prodotti e servizi fruiti, correlate alle finalit\u00e0 sopra indicate e, comunque, in modo da garantire la sicurezza e la riservatezza dei dati.\u00a0<strong>I dati personali trattati verranno conservati per i tempi previsti dalla normativa applicabile, in particolare per un periodo non superiore ai 24 mesi dalla rilevazione.<\/strong><\/p>\n<p>Sempre relativamente alla sicurezza dei dati, nelle sezioni del sito web predisposte per particolari servizi, dove vengono richiesti dati personali all&#8217;utente navigatore, i dati vengono crittografati tramite una tecnologia di sicurezza chiamata Secure Sockets Layer, abbreviata in SSL. La tecnologia SSL codifica le informazioni prima che queste vengano scambiate via Internet tra l&#8217;elaboratore dell&#8217;utente ed i sistemi centrali dalla societ\u00e0 <strong>PULIMAT Societ\u00e0 Cooperativa Sociale<\/strong>\u00a0,rendendole incomprensibili ai non autorizzati e garantendo in questo modo la riservatezza delle informazioni trasmesse.<\/p>\n<p>In riferimento agli aspetti di protezione dei dati personali l\u2019utente \u00e8 invitato, ai sensi dell\u2019art. 33 del Regolamento Europeo 2016\/679 a segnalare alla <strong>PULIMAT Societ\u00e0 Cooperativa Sociale<\/strong>\u00a0, in qualit\u00e0 di Titolare del Trattamento, eventuali circostanze o eventi dai quali possa discendere una potenziale \u201cviolazione dei dati personali (data breach)\u201d al fine di consentire una immediata valutazione e l\u2019adozione di eventuali azioni volte a contrastare tale evento.<\/p>\n<p>Tale segnalazione, potr\u00e0 essere fatta inviando una comunicazione alla <strong>PULIMAT Societ\u00e0 Cooperativa Sociale<\/strong>\u00a0, all\u2019indirizzo di posta certificata info@pulimatweb.it.<\/p>\n<p><em>Le misure adottate dalla societ\u00e0 <strong>PULIMAT Societ\u00e0 Cooperativa Sociale<\/strong><\/em><strong>,<\/strong><em>\u00a0non esimono il Cliente dal prestare la necessaria attenzione all\u2019utilizzo, ove richiesto, di password\/PIN di complessit\u00e0 adeguata, che dovr\u00e0 aggiornare periodicamente, soprattutto nel caso egli tema siano stati violati\/conosciuti da terzi, nonch\u00e9 custodire con attenzione e rendere inaccessibili a terzi, al fine di evitarne usi impropri e non autorizzati.<\/em><\/p>\n<p><strong>I Cookies<\/strong><\/p>\n<p>Un cookie \u00e8 una breve stringa di testo che viene inviata al tuo browser ed, eventualmente, salvata sul tuo computer (in alternativa sul tuo smartphone\/tablet o qualunque altro strumento utilizzato per accedere ad Internet); tale invio si verifica generalmente ogni volta che visiti un sito web.<\/p>\n<p><strong><em>La societ\u00e0\u00a0<\/em><\/strong> <strong>PULIMAT Societ\u00e0 Cooperativa Sociale<\/strong>,\u00a0<strong><em>utilizza i cookie per diverse finalit\u00e0, allo scopo di offrire un\u2019esperienza digitale rapida e sicura, ad esempio, permettendo di mantenere attiva la connessione all\u2019area protetta durante la navigazione attraverso le pagine del sito.<\/em><\/strong><\/p>\n<p>I cookie memorizzati sul suo terminale non possono essere utilizzati per richiamare nessun dato dal suo hard disk, trasmettere virus informatici o identificare ed utilizzare il suo indirizzo e-mail. Ogni cookie \u00e8 unico in relazione al browser e dispositivo da lei utilizzati per accedere al Sito Web.<\/p>\n<p>Il sito web della societ\u00e0\u00a0<strong> PULIMAT Societ\u00e0 Cooperativa Sociale<\/strong>\u00a0utilizza i seguenti cookies:<\/p>\n<p>&nbsp;<\/p>\n<p><strong>Cookie di terze parti<\/strong><\/p>\n<p>Durante la navigazione sulle pagine del sito pulimatweb.it, per fini statistici, potrebbero essere rilasciati cookie non tecnici gestiti da terze parti e non direttamente da <strong>PULIMAT Societ\u00e0 Cooperativa Sociale<\/strong>.<\/p>\n<p>A seguire l\u2019elenco delle terze parti coinvolte con i link alle relative politiche di gestione.<\/p>\n<p>Google Analytics \u2013 Cookie statistici<br \/>\nhttps:\/\/policies.google.com\/technologies\/types?hl=it<\/p>\n<p>&nbsp;<\/p>\n<p>&nbsp;<\/p>\n<p><strong>Ambiti di comunicazione e trasferimento dei dati.<\/strong><\/p>\n<p>Per il perseguimento delle finalit\u00e0 sopra indicate, la societ\u00e0 <strong>PULIMAT Societ\u00e0 Cooperativa Sociale<\/strong>, potr\u00e0 comunicare e far trattare, in Italia (non verr\u00e0 fatto trasferimento al di fuori dello Spazio Economico Europeo), i dati personali degli utenti\/clienti a soggetti terzi con i quali la societ\u00e0 <strong>PULIMAT Societ\u00e0 Cooperativa Sociale<\/strong>\u00a0,ha rapporti, laddove queste terze parti forniscono servizi su nostra richiesta.<\/p>\n<p><strong>La societ\u00e0\u00a0<\/strong> <strong>PULIMAT Societ\u00e0 Cooperativa Sociale<\/strong>,\u00a0<strong>si impegner\u00e0 a fornire a questi soggetti terzi solamente le informazioni necessarie a effettuare i servizi richiesti, prendendo tutte le misure per tutelare i suoi dati personali<\/strong>.<\/p>\n<p>I dati personali potranno essere comunicati ai competenti soggetti pubblici ed autorit\u00e0 per esigenze di adempimento ad obblighi normativi o per l&#8217;accertamento di responsabilit\u00e0 in caso di reati informatici ai danni del sito nonch\u00e9 comunicati a, o allocati presso, soggetti terzi (in qualit\u00e0 di responsabili o, ove si tratti di fornitori di servizi di comunicazione elettronica, di autonomi titolari), che prestano servizi informatici e telematici (es.: servizi di hosting, di gestione e sviluppo di siti web) e di cui la societ\u00e0 <strong>PULIMAT Societ\u00e0 Cooperativa Sociale<\/strong>, si avvale per lo svolgimento di compiti ed attivit\u00e0 di natura anche tecnica ed organizzativa strumentali al funzionamento del sito web. I soggetti appartenenti alle categorie sopra riportate operano in qualit\u00e0 di Responsabili esterni al trattamento, formalmente nominati dalla societ\u00e0 <strong>PULIMAT Societ\u00e0 Cooperativa Sociale<\/strong>.<\/p>\n<p>I Vostri dati personali potranno, inoltre, essere conosciuti dai dipendenti\/consulenti dalla societ\u00e0 <strong>PULIMAT Societ\u00e0 Cooperativa Sociale<\/strong>\u00a0che sono appositamente istruiti e nominati \u201cSoggetti autorizzati al trattamento sotto la diretta responsabilit\u00e0 del Titolare del Trattamento\u201d.<\/p>\n<p>Le categorie dei destinatari ai quali i dati possono essere comunicati \u00e8 disponibile rivolgendosi alla societ\u00e0 <strong>PULIMAT Societ\u00e0 Cooperativa Sociale<\/strong>, ai recapiti sotto indicati.<\/p>\n<p>&nbsp;<\/p>\n<p><strong>Diritti degli interessati<\/strong><\/p>\n<p>In conformit\u00e0, nei limiti ed alle condizioni previste dalla normativa in materia di protezione dati personali riguardo l&#8217;esercizio dei diritti degli Interessati (capo III del Regolamento Europeo 2016\/679) per quanto concerne i trattamenti oggetto della presente Informativa, in qualit\u00e0 di Interessato Lei ha il diritto:<\/p>\n<ol>\n<li>di accedere ai Suoi dati personali, ottenendo evidenza delle finalit\u00e0 perseguite da parte del Titolare, delle categorie di dati coinvolti, dei destinatari a cui gli stessi possono essere comunicati, del periodo di conservazione applicabile, dell\u2019esistenza di processi decisionali automatizzati;<\/li>\n<li>di ottenere senza ritardo la rettifica dei dati personali inesatti che La riguardano;<\/li>\n<li>di ottenere, nei casi previsti, la cancellazione dei Suoi dati;<\/li>\n<li>di ottenere la limitazione del trattamento o di opporsi allo stesso, quando possibile;<\/li>\n<li>di richiedere la portabilit\u00e0 dei dati che Lei ha fornito alla societ\u00e0\u00a0<strong> PULIMAT Societ\u00e0 Cooperativa Sociale<\/strong>, vale a dire di riceverli in un formato strutturato, di uso comune e leggibile da dispositivo automatico, anche per trasmettere tali dati ad un altro Titolare, nei limiti e con in vincoli previsti dall\u2019art. 20 del Regolamento Europeo 2016\/679;<\/li>\n<li>proporre reclamo all\u2019Autorit\u00e0 Garante per la Protezione dei Dati Personali ai sensi dell\u2019art. 77 del Regolamento Europeo 2016\/679.<\/li>\n<\/ol>\n<p>Per i trattamenti di cui al punto 4) delle finalit\u00e0 il Cliente potr\u00e0 sempre revocare il consenso ed esercitare il diritto di opposizione al marketing diretto (in forma \u201ctradizionale\u201d e \u201cautomatizzata\u201d). L\u2019opposizione, in assenza di indicazione contraria, verr\u00e0 riferita tanto alle comunicazioni tradizionali quanto a quelle automatizzate.<\/p>\n<p><em>L\u2019Interessato, potr\u00e0 esercitare i propri diritti in materia di privacy e protezione dei dati personali, scaricando e completando l\u2019apposito modulo dal sito web aziendale www.pulimatweb.it &#8211; sezione privacy ed inviando il modulo a mezzo email all\u2019indirizz<\/em>o\u00a0<em>info@pulimatweb.it<\/em><\/p>\n<p><em>\u00a0<\/em><\/p>\n<p>L&#8217;uso del Sito Web, incluso di quelli destinati a tablet e\/o smartphone, da parte del Cliente e\/o dell\u2019Utente implica la piena conoscenza e accettazione del contenuto e delle eventuali indicazioni incluse in questa versione di informativa pubblicata dalla societ\u00e0 <strong>PULIMAT Societ\u00e0 Cooperativa Sociale<\/strong>\u00a0nel momento in cui il sito viene acceduto.<\/p>\n<p>La societ\u00e0\u00a0<strong> PULIMAT Societ\u00e0 Cooperativa Sociale<\/strong>\u00a0informa che la presente informativa pu\u00f2 essere modificata senza alcun preavviso e quindi ne consiglia una lettura periodica.<\/p>\n<p>&nbsp;<\/p>\n<p>Distinti saluti<\/p>\n<p>&nbsp;<\/p>\n<p>Il Titolare del trattamento<\/p>\n<p>ASSANAGORA ALESSANDRO<\/p>\n<\/div>\n<\/div><\/div>\n<\/div>\n<\/div>\n<\/div>\n<\/div>\n<\/div>\n\n","protected":false},"excerpt":{"rendered":"","protected":false},"author":1,"featured_media":0,"parent":0,"menu_order":0,"comment_status":"closed","ping_status":"open","template":"","meta":[],"_links":{"self":[{"href":"https:\/\/pulimatweb.it\/index.php\/wp-json\/wp\/v2\/pages\/3"}],"collection":[{"href":"https:\/\/pulimatweb.it\/index.php\/wp-json\/wp\/v2\/pages"}],"about":[{"href":"https:\/\/pulimatweb.it\/index.php\/wp-json\/wp\/v2\/types\/page"}],"author":[{"embeddable":true,"href":"https:\/\/pulimatweb.it\/index.php\/wp-json\/wp\/v2\/users\/1"}],"replies":[{"embeddable":true,"href":"https:\/\/pulimatweb.it\/index.php\/wp-json\/wp\/v2\/comments?post=3"}],"version-history":[{"count":3,"href":"https:\/\/pulimatweb.it\/index.php\/wp-json\/wp\/v2\/pages\/3\/revisions"}],"predecessor-version":[{"id":14739,"href":"https:\/\/pulimatweb.it\/index.php\/wp-json\/wp\/v2\/pages\/3\/revisions\/14739"}],"wp:attachment":[{"href":"https:\/\/pulimatweb.it\/index.php\/wp-json\/wp\/v2\/media?parent=3"}],"curies":[{"name":"wp","href":"https:\/\/api.w.org\/{rel}","templated":true}]}}